{"id":2,"date":"2011-04-11T07:57:17","date_gmt":"2011-04-11T07:57:17","guid":{"rendered":"http:\/\/timoni.info\/?page_id=2"},"modified":"2011-04-13T19:42:47","modified_gmt":"2011-04-13T17:42:47","slug":"sample-page","status":"publish","type":"page","link":"https:\/\/timoni.info\/?page_id=2","title":{"rendered":"Impressum"},"content":{"rendered":"<p>Diese Seite ist privat von Moni und Timo. Wir sind f\u00fcr den Inhalt verantwortlich.<\/p>\n<p>Unsere Adresse in Deutschland:<br \/>\nMonika Michalik und Timo B\u00fccker<br \/>\nKonkordiastrasse 15<br \/>\n40219 D\u00fcsseldorf<br \/>\nDeutschland &#8211; Germany<\/p>\n","protected":false},"excerpt":{"rendered":"<p>Diese Seite ist privat von Moni und Timo. Wir sind f\u00fcr den Inhalt verantwortlich. Unsere Adresse in Deutschland: Monika Michalik und Timo B\u00fccker Konkordiastrasse 15 40219 D\u00fcsseldorf Deutschland &#8211; Germany<\/p>\n","protected":false},"author":6,"featured_media":0,"parent":0,"menu_order":1,"comment_status":"open","ping_status":"closed","template":"","meta":{"footnotes":""},"class_list":["post-2","page","type-page","status-publish","hentry"],"_links":{"self":[{"href":"https:\/\/timoni.info\/index.php?rest_route=\/wp\/v2\/pages\/2","targetHints":{"allow":["GET"]}}],"collection":[{"href":"https:\/\/timoni.info\/index.php?rest_route=\/wp\/v2\/pages"}],"about":[{"href":"https:\/\/timoni.info\/index.php?rest_route=\/wp\/v2\/types\/page"}],"author":[{"embeddable":true,"href":"https:\/\/timoni.info\/index.php?rest_route=\/wp\/v2\/users\/6"}],"replies":[{"embeddable":true,"href":"https:\/\/timoni.info\/index.php?rest_route=%2Fwp%2Fv2%2Fcomments&post=2"}],"version-history":[{"count":3,"href":"https:\/\/timoni.info\/index.php?rest_route=\/wp\/v2\/pages\/2\/revisions"}],"predecessor-version":[{"id":20,"href":"https:\/\/timoni.info\/index.php?rest_route=\/wp\/v2\/pages\/2\/revisions\/20"}],"wp:attachment":[{"href":"https:\/\/timoni.info\/index.php?rest_route=%2Fwp%2Fv2%2Fmedia&parent=2"}],"curies":[{"name":"wp","href":"https:\/\/api.w.org\/{rel}","templated":true}]}}